{"id":2,"date":"2020-11-04T14:02:13","date_gmt":"2020-11-04T13:02:13","guid":{"rendered":"http:\/\/localhost\/aktionsbuendnis-europa.de\/?page_id=2"},"modified":"2024-10-17T12:09:42","modified_gmt":"2024-10-17T10:09:42","slug":"startseite","status":"publish","type":"page","link":"https:\/\/europa-in-bamberg.de\/en\/startseite\/","title":{"rendered":"Start"},"content":{"rendered":"<h1 class=\"wp-block-heading\">Welcome to \u2018Europa in Bamberg\u2019!<\/h1>\r\n\r\n\r\n\r\n<p class=\"translation-block\"><strong>We are a local society with a global perspective.<\/strong> Composed of a voluntary group of Bamberg residents of many different backgrounds, we\u2019re committed to building and maintaining Bamberg\u2019s status as both a <i>European<\/i> and an <i>international<\/i> city.<\/p>\r\n<p><strong>Why Europe\u2026<\/strong><\/p>\r\n<p class=\"translation-block\">Our continent faces a unique set of challenges. Whether it\u2019s the transition to more sustainable ways of living; the defence of democracy and pluralism in the face of ethno-nationalism; or the terrible reality of war in both Ukraine and the Middle East: never has there been a more important time to work for a Germany and a Europe that is peaceful, open to the world, and open to ethnic, cultural, and religious difference.<\/p>\r\n<p class=\"translation-block\">That\u2019s why we\u2019re here. Our motto of \u201cbreaking down borders\u201d <strong>isn\u2019t<\/strong> a radical or revolutionary call for anything-goes anarchy. It\u2019s a call for a Europe that can truly be \u2018home\u2019, no matter where you\u2019re from. For a Europe where people can feel both safe and welcome, regardless of nationality, culture, or religion. For a Europe of people who know that this continent\u2019s past must help shape its present and future. For a Europe where people can live and discuss difference reasonably, respectfully, tolerantly, and \u2013 hopefully \u2013 compassionately.<\/p>\r\n<p class=\"translation-block\">As a voluntary society funded through membership dues, we are not formally affiliated with any political party or cultural and religious organization. Although our logo bears the flag of the European Union, we identify as <strong>critical<\/strong> citizens, friends, and supporters of the EU \u2013 not its unquestioning devotees. We are opposed to those groups and politicians who deliberately aim to increase and profit from divisions within our societies; but we warmly welcome all those who, regardless of background or political or cultural difference, share our underlying convictions.<\/p>\r\n<p class=\"translation-block\"><br>\n<strong>\u2026in Bamberg?<\/strong>\n<br>\n<br>\nBamberg is a city of over 80,000 inhabitants. More than one in eight of those had a migration background at the time of the European elections of 2019; and that number continues to grow. People from both Europe and all over the world come to live in the beautiful cathedral city on the Regnitz River and the Rhine-Main-Danube Canal.\n<br>\n<br>\n<strong>We founded \u2018Europe in Bamberg\u2019 in 2021.<\/strong> We are Europeans who live in Bamberg and come from Germany or another European country. For us Bamberg is a place of positive stories of people coming, living, and working together. Some of us have been here for many years, others of us are just passing through for a season or two. <strong>We are delighted that people both from Europe and further afield are able to settle here, for however long: that they can make their home here, and make this city their home.<\/strong> It\u2019s our mission to support them in this.\n<br>\n<br> \nHere in Bamberg, Franconian, Bavarian, German, and European identities mix in complex and fascinating ways with myriad others. Ours is a World Heritage City in every sense of the name. Bamberg\u2019s residents included citizens from all over Europe, and all over the world. Wherever we\u2019re from, Bamberg is our shared home, and Europe is our shared home. \n<br>\n<br>\n<strong>Interested? Click on <a href=\"https:\/\/europa-in-bamberg.de\/en\/ueber-uns\/\"><strong>'About Us'<\/strong><\/a>, above, to find out more about what we do. And don\u2019t forget to follow us on Instagram, <a href=\"https:\/\/www.instagram.com\/europa_in_bamberg_ev\/\"><strong>here<\/strong><\/a>! <\/strong>\n<br>\n<br>\nYou\u2019ll find our constitution (\u2018<a href=\"https:\/\/europa-in-bamberg.de\/en\/satzung\/\"><strong>Satzung<\/strong><\/a>\u2019) via the link at the bottom of this page. For the legal reason that we are a German registered voluntary organization, our constitution is only available in German.<\/p>\r\n<p>\r\n\r\n<\/p>\r\n\r\n<div class=\"wp-block-image\">\r\n<figure class=\"aligncenter size-large\">\r\n<figcaption><a href=\"https:\/\/europa-in-bamberg.de\/wp-content\/uploads\/2024\/10\/5562aaa2-7c10-4437-b172-f5e43e3767eb.jpeg\"><img loading=\"lazy\" decoding=\"async\" class=\"alignnone size-full wp-image-905\" src=\"https:\/\/europa-in-bamberg.de\/wp-content\/uploads\/2024\/10\/5562aaa2-7c10-4437-b172-f5e43e3767eb.jpeg\" alt=\"\" width=\"2048\" height=\"1536\" srcset=\"https:\/\/europa-in-bamberg.de\/wp-content\/uploads\/2024\/10\/5562aaa2-7c10-4437-b172-f5e43e3767eb.jpeg 2048w, https:\/\/europa-in-bamberg.de\/wp-content\/uploads\/2024\/10\/5562aaa2-7c10-4437-b172-f5e43e3767eb-300x225.jpeg 300w, https:\/\/europa-in-bamberg.de\/wp-content\/uploads\/2024\/10\/5562aaa2-7c10-4437-b172-f5e43e3767eb-1024x768.jpeg 1024w, https:\/\/europa-in-bamberg.de\/wp-content\/uploads\/2024\/10\/5562aaa2-7c10-4437-b172-f5e43e3767eb-768x576.jpeg 768w, https:\/\/europa-in-bamberg.de\/wp-content\/uploads\/2024\/10\/5562aaa2-7c10-4437-b172-f5e43e3767eb-1536x1152.jpeg 1536w, https:\/\/europa-in-bamberg.de\/wp-content\/uploads\/2024\/10\/5562aaa2-7c10-4437-b172-f5e43e3767eb-16x12.jpeg 16w\" sizes=\"auto, (max-width: 2048px) 100vw, 2048px\" \/><\/a><\/figcaption>\r\n<\/figure>\r\n<\/div>\r\n<p>\r\n\r\n<\/p>\r\n<p class=\"wp-block-heading\">Von Links nach Rechts: Hayati Yilmaz, Lea Sopper, Eva Bollerhoff, Michaela Reimann, Monika Gruber, Iris Kroon-Lottes<\/p>\r\n<p>&nbsp;<\/p>\r\n<p class=\"wp-block-heading\"><strong><\/p>\r\n<p><\/p>","protected":false},"excerpt":{"rendered":"<p>Willkommen bei Europa in Bamberg Wir sind ein lokaler Verein mit globaler Perspektive. Eine Gruppe von Bamberger*innen mit verschiedenen Hintergr\u00fcnden und Zugeh\u00f6rigkeiten. Einig und engagiert im Ziel, Bamberg als europ\u00e4ische und liebenswert internationale Weltkulturerbestadt weiterzuentwickeln. Warum Europa? Unser europ\u00e4ischer Kontinent steht vor riesigen Herausforderungen. Ob es die Transformation hin zu einem nachhaltigen (Zusammen-)Leben ist; oder [&hellip;]<\/p>\n","protected":false},"author":2,"featured_media":0,"parent":0,"menu_order":3,"comment_status":"closed","ping_status":"open","template":"","meta":{"footnotes":""},"class_list":["post-2","page","type-page","status-publish","hentry"],"_links":{"self":[{"href":"https:\/\/europa-in-bamberg.de\/en\/wp-json\/wp\/v2\/pages\/2","targetHints":{"allow":["GET"]}}],"collection":[{"href":"https:\/\/europa-in-bamberg.de\/en\/wp-json\/wp\/v2\/pages"}],"about":[{"href":"https:\/\/europa-in-bamberg.de\/en\/wp-json\/wp\/v2\/types\/page"}],"author":[{"embeddable":true,"href":"https:\/\/europa-in-bamberg.de\/en\/wp-json\/wp\/v2\/users\/2"}],"replies":[{"embeddable":true,"href":"https:\/\/europa-in-bamberg.de\/en\/wp-json\/wp\/v2\/comments?post=2"}],"version-history":[{"count":83,"href":"https:\/\/europa-in-bamberg.de\/en\/wp-json\/wp\/v2\/pages\/2\/revisions"}],"predecessor-version":[{"id":915,"href":"https:\/\/europa-in-bamberg.de\/en\/wp-json\/wp\/v2\/pages\/2\/revisions\/915"}],"wp:attachment":[{"href":"https:\/\/europa-in-bamberg.de\/en\/wp-json\/wp\/v2\/media?parent=2"}],"curies":[{"name":"wp","href":"https:\/\/api.w.org\/{rel}","templated":true}]}}